{"id":2702,"date":"2025-11-21T19:23:13","date_gmt":"2025-11-21T18:23:13","guid":{"rendered":"https:\/\/petitsentidos.de\/?page_id=2702"},"modified":"2025-11-27T17:38:45","modified_gmt":"2025-11-27T16:38:45","slug":"rosa-clasica-coleccion-elegancia","status":"publish","type":"page","link":"https:\/\/petitsentidos.de\/de\/rosa-clasica-coleccion-elegancia\/","title":{"rendered":"Rosa clasica &#8211; colecci\u00f3n elegancia"},"content":{"rendered":"<div data-elementor-type=\"wp-page\" data-elementor-id=\"2702\" class=\"elementor elementor-2702\">\n\t\t\t\t\t\t<section class=\"elementor-section elementor-top-section elementor-element elementor-element-4e484227 elementor-section-boxed elementor-section-height-default elementor-section-height-default\" data-id=\"4e484227\" data-element_type=\"section\" data-settings=\"{&quot;background_background&quot;:&quot;classic&quot;}\">\n\t\t\t\t\t\t<div class=\"elementor-container elementor-column-gap-default\">\n\t\t\t\t\t<div class=\"elementor-column elementor-col-100 elementor-top-column elementor-element elementor-element-6a6c5e95\" data-id=\"6a6c5e95\" data-element_type=\"column\">\n\t\t\t<div class=\"elementor-widget-wrap elementor-element-populated\">\n\t\t\t\t\t\t<div class=\"elementor-element elementor-element-635a9842 elementor-widget elementor-widget-image\" data-id=\"635a9842\" data-element_type=\"widget\" data-widget_type=\"image.default\">\n\t\t\t\t<div class=\"elementor-widget-container\">\n\t\t\t\t\t\t\t\t\t\t\t\t\t\t\t<img fetchpriority=\"high\" decoding=\"async\" width=\"1024\" height=\"1024\" src=\"https:\/\/petitsentidos.de\/wp-content\/uploads\/2025\/11\/F7D87BB9-B7AE-4EA1-B6A7-A63CC98C9EFB.png\" class=\"attachment-large size-large wp-image-2691\" alt=\"\" srcset=\"https:\/\/petitsentidos.de\/wp-content\/uploads\/2025\/11\/F7D87BB9-B7AE-4EA1-B6A7-A63CC98C9EFB.png 1024w, https:\/\/petitsentidos.de\/wp-content\/uploads\/2025\/11\/F7D87BB9-B7AE-4EA1-B6A7-A63CC98C9EFB-300x300.png 300w, https:\/\/petitsentidos.de\/wp-content\/uploads\/2025\/11\/F7D87BB9-B7AE-4EA1-B6A7-A63CC98C9EFB-150x150.png 150w, https:\/\/petitsentidos.de\/wp-content\/uploads\/2025\/11\/F7D87BB9-B7AE-4EA1-B6A7-A63CC98C9EFB-768x768.png 768w, https:\/\/petitsentidos.de\/wp-content\/uploads\/2025\/11\/F7D87BB9-B7AE-4EA1-B6A7-A63CC98C9EFB-12x12.png 12w, https:\/\/petitsentidos.de\/wp-content\/uploads\/2025\/11\/F7D87BB9-B7AE-4EA1-B6A7-A63CC98C9EFB-600x600.png 600w, https:\/\/petitsentidos.de\/wp-content\/uploads\/2025\/11\/F7D87BB9-B7AE-4EA1-B6A7-A63CC98C9EFB-100x100.png 100w\" sizes=\"(max-width: 1024px) 100vw, 1024px\" \/>\t\t\t\t\t\t\t\t\t\t\t\t\t\t\t<\/div>\n\t\t\t\t<\/div>\n\t\t\t\t<div class=\"elementor-element elementor-element-7e213b79 elementor-widget elementor-widget-heading\" data-id=\"7e213b79\" data-element_type=\"widget\" data-widget_type=\"heading.default\">\n\t\t\t\t<div class=\"elementor-widget-container\">\n\t\t\t\t\t<h2 class=\"elementor-heading-title elementor-size-default\">Rose <\/h2>\t\t\t\t<\/div>\n\t\t\t\t<\/div>\n\t\t\t\t<div class=\"elementor-element elementor-element-18f8b767 elementor-widget elementor-widget-text-editor\" data-id=\"18f8b767\" data-element_type=\"widget\" data-widget_type=\"text-editor.default\">\n\t\t\t\t<div class=\"elementor-widget-container\">\n\t\t\t\t\t\t\t\t\t<p>Eine Komposition aus zarten Rosenbl\u00e4ttern und warmen Noten . Elegant , Feminin , Zeitlos . Schafft eine ruhige , harmonische Atmosph\u00e4re . Ideal f\u00fcr stille Momente und Selfcare Rituale. F\u00fcr ein Zuhause mit einer sanften , raffinierten Noten.<\/p>\t\t\t\t\t\t\t\t<\/div>\n\t\t\t\t<\/div>\n\t\t\t\t<div class=\"elementor-element elementor-element-4c8f80e8 elementor-widget elementor-widget-text-editor\" data-id=\"4c8f80e8\" data-element_type=\"widget\" data-widget_type=\"text-editor.default\">\n\t\t\t\t<div class=\"elementor-widget-container\">\n\t\t\t\t\t\t\t\t\t<p>Wachs:100% nat\u00fcrliches Sojawachs<br \/>Docht Baumwolldocht<br \/>Gef\u00e4\u00df Wiederverwendbares Glasgef\u00e4\u00df<br \/>Gef\u00e4\u00df: Wiederverwendbares Glas<br \/>Duft Rose<br \/>Dekoration Handgefertigte Rosendekoration aus pflanzlichen Wachs<br \/>ca. 60-70 Stunden<br \/>Herkunft Handgefertigt in Deutschland<\/p>\t\t\t\t\t\t\t\t<\/div>\n\t\t\t\t<\/div>\n\t\t\t\t<div class=\"elementor-element elementor-element-1f66230e elementor-widget elementor-widget-text-editor\" data-id=\"1f66230e\" data-element_type=\"widget\" data-widget_type=\"text-editor.default\">\n\t\t\t\t<div class=\"elementor-widget-container\">\n\t\t\t\t\t\t\t\t\t<p>\u20ac 29,90<\/p>\t\t\t\t\t\t\t\t<\/div>\n\t\t\t\t<\/div>\n\t\t\t\t<div class=\"elementor-element elementor-element-385f081c elementor-align-left elementor-widget elementor-widget-button\" data-id=\"385f081c\" data-element_type=\"widget\" data-widget_type=\"button.default\">\n\t\t\t\t<div class=\"elementor-widget-container\">\n\t\t\t\t\t\t\t\t\t<div class=\"elementor-button-wrapper\">\n\t\t\t\t\t<a class=\"elementor-button elementor-button-link elementor-size-sm\" href=\"https:\/\/petitsentidos.de\/de\/produkt\/rosa-clasica\/\">\n\t\t\t\t\t\t<span class=\"elementor-button-content-wrapper\">\n\t\t\t\t\t\t\t\t\t<span class=\"elementor-button-text\">Jetzt bestellen <\/span>\n\t\t\t\t\t<\/span>\n\t\t\t\t\t<\/a>\n\t\t\t\t<\/div>\n\t\t\t\t\t\t\t\t<\/div>\n\t\t\t\t<\/div>\n\t\t\t\t\t<\/div>\n\t\t<\/div>\n\t\t\t\t\t<\/div>\n\t\t<\/section>\n\t\t\t\t<section class=\"elementor-section elementor-top-section elementor-element elementor-element-6737fb2a elementor-section-boxed elementor-section-height-default elementor-section-height-default\" data-id=\"6737fb2a\" data-element_type=\"section\" data-settings=\"{&quot;background_background&quot;:&quot;classic&quot;}\">\n\t\t\t\t\t\t<div class=\"elementor-container elementor-column-gap-default\">\n\t\t\t\t\t<div class=\"elementor-column elementor-col-50 elementor-top-column elementor-element elementor-element-7100f531\" data-id=\"7100f531\" data-element_type=\"column\">\n\t\t\t<div class=\"elementor-widget-wrap elementor-element-populated\">\n\t\t\t\t\t\t<div class=\"elementor-element elementor-element-2ba2b75c elementor-widget elementor-widget-image\" data-id=\"2ba2b75c\" data-element_type=\"widget\" data-widget_type=\"image.default\">\n\t\t\t\t<div class=\"elementor-widget-container\">\n\t\t\t\t\t\t\t\t\t\t\t\t\t\t\t<img decoding=\"async\" width=\"1024\" height=\"1024\" src=\"https:\/\/petitsentidos.de\/wp-content\/uploads\/2025\/11\/ChatGPT-Image-22.-Nov.-2025-14_42_08.png\" class=\"attachment-large size-large wp-image-2722\" alt=\"\" srcset=\"https:\/\/petitsentidos.de\/wp-content\/uploads\/2025\/11\/ChatGPT-Image-22.-Nov.-2025-14_42_08.png 1024w, https:\/\/petitsentidos.de\/wp-content\/uploads\/2025\/11\/ChatGPT-Image-22.-Nov.-2025-14_42_08-300x300.png 300w, https:\/\/petitsentidos.de\/wp-content\/uploads\/2025\/11\/ChatGPT-Image-22.-Nov.-2025-14_42_08-150x150.png 150w, https:\/\/petitsentidos.de\/wp-content\/uploads\/2025\/11\/ChatGPT-Image-22.-Nov.-2025-14_42_08-768x768.png 768w, https:\/\/petitsentidos.de\/wp-content\/uploads\/2025\/11\/ChatGPT-Image-22.-Nov.-2025-14_42_08-12x12.png 12w, https:\/\/petitsentidos.de\/wp-content\/uploads\/2025\/11\/ChatGPT-Image-22.-Nov.-2025-14_42_08-600x600.png 600w, https:\/\/petitsentidos.de\/wp-content\/uploads\/2025\/11\/ChatGPT-Image-22.-Nov.-2025-14_42_08-100x100.png 100w\" sizes=\"(max-width: 1024px) 100vw, 1024px\" \/>\t\t\t\t\t\t\t\t\t\t\t\t\t\t\t<\/div>\n\t\t\t\t<\/div>\n\t\t\t\t<div class=\"elementor-element elementor-element-501d23d3 elementor-widget elementor-widget-image\" data-id=\"501d23d3\" data-element_type=\"widget\" data-widget_type=\"image.default\">\n\t\t\t\t<div class=\"elementor-widget-container\">\n\t\t\t\t\t\t\t\t\t\t\t\t\t\t\t<img decoding=\"async\" width=\"1024\" height=\"1024\" src=\"https:\/\/petitsentidos.de\/wp-content\/uploads\/2025\/11\/ChatGPT-Image-22.-Nov.-2025-15_18_22.png\" class=\"attachment-large size-large wp-image-2723\" alt=\"\" srcset=\"https:\/\/petitsentidos.de\/wp-content\/uploads\/2025\/11\/ChatGPT-Image-22.-Nov.-2025-15_18_22.png 1024w, https:\/\/petitsentidos.de\/wp-content\/uploads\/2025\/11\/ChatGPT-Image-22.-Nov.-2025-15_18_22-300x300.png 300w, https:\/\/petitsentidos.de\/wp-content\/uploads\/2025\/11\/ChatGPT-Image-22.-Nov.-2025-15_18_22-150x150.png 150w, https:\/\/petitsentidos.de\/wp-content\/uploads\/2025\/11\/ChatGPT-Image-22.-Nov.-2025-15_18_22-768x768.png 768w, https:\/\/petitsentidos.de\/wp-content\/uploads\/2025\/11\/ChatGPT-Image-22.-Nov.-2025-15_18_22-12x12.png 12w, https:\/\/petitsentidos.de\/wp-content\/uploads\/2025\/11\/ChatGPT-Image-22.-Nov.-2025-15_18_22-600x600.png 600w, https:\/\/petitsentidos.de\/wp-content\/uploads\/2025\/11\/ChatGPT-Image-22.-Nov.-2025-15_18_22-100x100.png 100w\" sizes=\"(max-width: 1024px) 100vw, 1024px\" \/>\t\t\t\t\t\t\t\t\t\t\t\t\t\t\t<\/div>\n\t\t\t\t<\/div>\n\t\t\t\t\t<\/div>\n\t\t<\/div>\n\t\t\t\t<div class=\"elementor-column elementor-col-50 elementor-top-column elementor-element elementor-element-61bda20a\" data-id=\"61bda20a\" data-element_type=\"column\">\n\t\t\t<div class=\"elementor-widget-wrap elementor-element-populated\">\n\t\t\t\t\t\t<div class=\"elementor-element elementor-element-18766ec7 elementor-widget elementor-widget-image\" data-id=\"18766ec7\" data-element_type=\"widget\" data-widget_type=\"image.default\">\n\t\t\t\t<div class=\"elementor-widget-container\">\n\t\t\t\t\t\t\t\t\t\t\t\t\t\t\t<img loading=\"lazy\" decoding=\"async\" width=\"1024\" height=\"1024\" src=\"https:\/\/petitsentidos.de\/wp-content\/uploads\/2025\/11\/ChatGPT-Image-22.-Nov.-2025-16_11_09.png\" class=\"attachment-large size-large wp-image-2727\" alt=\"\" srcset=\"https:\/\/petitsentidos.de\/wp-content\/uploads\/2025\/11\/ChatGPT-Image-22.-Nov.-2025-16_11_09.png 1024w, https:\/\/petitsentidos.de\/wp-content\/uploads\/2025\/11\/ChatGPT-Image-22.-Nov.-2025-16_11_09-300x300.png 300w, https:\/\/petitsentidos.de\/wp-content\/uploads\/2025\/11\/ChatGPT-Image-22.-Nov.-2025-16_11_09-150x150.png 150w, https:\/\/petitsentidos.de\/wp-content\/uploads\/2025\/11\/ChatGPT-Image-22.-Nov.-2025-16_11_09-768x768.png 768w, https:\/\/petitsentidos.de\/wp-content\/uploads\/2025\/11\/ChatGPT-Image-22.-Nov.-2025-16_11_09-12x12.png 12w, https:\/\/petitsentidos.de\/wp-content\/uploads\/2025\/11\/ChatGPT-Image-22.-Nov.-2025-16_11_09-600x600.png 600w, https:\/\/petitsentidos.de\/wp-content\/uploads\/2025\/11\/ChatGPT-Image-22.-Nov.-2025-16_11_09-100x100.png 100w\" sizes=\"(max-width: 1024px) 100vw, 1024px\" \/>\t\t\t\t\t\t\t\t\t\t\t\t\t\t\t<\/div>\n\t\t\t\t<\/div>\n\t\t\t\t<div class=\"elementor-element elementor-element-26e81326 elementor-widget elementor-widget-image\" data-id=\"26e81326\" data-element_type=\"widget\" data-widget_type=\"image.default\">\n\t\t\t\t<div class=\"elementor-widget-container\">\n\t\t\t\t\t\t\t\t\t\t\t\t\t\t\t<img fetchpriority=\"high\" decoding=\"async\" width=\"1024\" height=\"1024\" src=\"https:\/\/petitsentidos.de\/wp-content\/uploads\/2025\/11\/F7D87BB9-B7AE-4EA1-B6A7-A63CC98C9EFB.png\" class=\"attachment-large size-large wp-image-2691\" alt=\"\" srcset=\"https:\/\/petitsentidos.de\/wp-content\/uploads\/2025\/11\/F7D87BB9-B7AE-4EA1-B6A7-A63CC98C9EFB.png 1024w, https:\/\/petitsentidos.de\/wp-content\/uploads\/2025\/11\/F7D87BB9-B7AE-4EA1-B6A7-A63CC98C9EFB-300x300.png 300w, https:\/\/petitsentidos.de\/wp-content\/uploads\/2025\/11\/F7D87BB9-B7AE-4EA1-B6A7-A63CC98C9EFB-150x150.png 150w, https:\/\/petitsentidos.de\/wp-content\/uploads\/2025\/11\/F7D87BB9-B7AE-4EA1-B6A7-A63CC98C9EFB-768x768.png 768w, https:\/\/petitsentidos.de\/wp-content\/uploads\/2025\/11\/F7D87BB9-B7AE-4EA1-B6A7-A63CC98C9EFB-12x12.png 12w, https:\/\/petitsentidos.de\/wp-content\/uploads\/2025\/11\/F7D87BB9-B7AE-4EA1-B6A7-A63CC98C9EFB-600x600.png 600w, https:\/\/petitsentidos.de\/wp-content\/uploads\/2025\/11\/F7D87BB9-B7AE-4EA1-B6A7-A63CC98C9EFB-100x100.png 100w\" sizes=\"(max-width: 1024px) 100vw, 1024px\" \/>\t\t\t\t\t\t\t\t\t\t\t\t\t\t\t<\/div>\n\t\t\t\t<\/div>\n\t\t\t\t\t<\/div>\n\t\t<\/div>\n\t\t\t\t\t<\/div>\n\t\t<\/section>\n\t\t\t\t<section class=\"elementor-section elementor-top-section elementor-element elementor-element-5d503087 elementor-section-boxed elementor-section-height-default elementor-section-height-default\" data-id=\"5d503087\" data-element_type=\"section\" data-settings=\"{&quot;background_background&quot;:&quot;classic&quot;}\">\n\t\t\t\t\t\t<div class=\"elementor-container elementor-column-gap-default\">\n\t\t\t\t\t<div class=\"elementor-column elementor-col-100 elementor-top-column elementor-element elementor-element-4e089e9d\" data-id=\"4e089e9d\" data-element_type=\"column\">\n\t\t\t<div class=\"elementor-widget-wrap elementor-element-populated\">\n\t\t\t\t\t\t<div class=\"elementor-element elementor-element-2546a75a elementor-widget elementor-widget-heading\" data-id=\"2546a75a\" data-element_type=\"widget\" data-widget_type=\"heading.default\">\n\t\t\t\t<div class=\"elementor-widget-container\">\n\t\t\t\t\t<h3 class=\"elementor-heading-title elementor-size-default\">Hinweise zur Anwendung <\/h3>\t\t\t\t<\/div>\n\t\t\t\t<\/div>\n\t\t\t\t<div class=\"elementor-element elementor-element-f47fc1d elementor-widget elementor-widget-text-editor\" data-id=\"f47fc1d\" data-element_type=\"widget\" data-widget_type=\"text-editor.default\">\n\t\t\t\t<div class=\"elementor-widget-container\">\n\t\t\t\t\t\t\t\t\t<p>Beim ersten Anz\u00fcnden die Kerzen mindestens 1-2 Stunden brennen lassen , damit die gesamte Oberfl\u00e4che gleichm\u00e4\u00dfig schmilzt<br \/>Den Docht vor jedem Anz\u00fcnden auf ca. 5 mm k\u00fcrzen, um eine ruhige und saubere Flamme zu gew\u00e4hrleisten.<br \/>Nicht in der N\u00e4he von Zugluft oder brennbaren Materialien platzier<br \/>Die Kerze niemals unbeaufsichtigt brennen lassen.<br \/>Die Flamme mit einem Kerzenl\u00f6scher oder durch sanftes Ausblasen l\u00f6schen, um Rauchbildung zu vermeiden.<br \/>Nach dem Abbrennen kann das Glasgef\u00e4\u00df als dekoratives Element weiterverwendet werden.<\/p>\t\t\t\t\t\t\t\t<\/div>\n\t\t\t\t<\/div>\n\t\t\t\t\t<\/div>\n\t\t<\/div>\n\t\t\t\t\t<\/div>\n\t\t<\/section>\n\t\t\t\t<section class=\"elementor-section elementor-top-section elementor-element elementor-element-600a3665 elementor-section-boxed elementor-section-height-default elementor-section-height-default\" data-id=\"600a3665\" data-element_type=\"section\" data-settings=\"{&quot;background_background&quot;:&quot;classic&quot;}\">\n\t\t\t\t\t\t<div class=\"elementor-container elementor-column-gap-default\">\n\t\t\t\t\t<div class=\"elementor-column elementor-col-100 elementor-top-column elementor-element elementor-element-65946543\" data-id=\"65946543\" data-element_type=\"column\">\n\t\t\t<div class=\"elementor-widget-wrap elementor-element-populated\">\n\t\t\t\t\t\t<div class=\"elementor-element elementor-element-1b231f91 elementor-widget elementor-widget-heading\" data-id=\"1b231f91\" data-element_type=\"widget\" data-widget_type=\"heading.default\">\n\t\t\t\t<div class=\"elementor-widget-container\">\n\t\t\t\t\t<h2 class=\"elementor-heading-title elementor-size-default\">Duftnoten <\/h2>\t\t\t\t<\/div>\n\t\t\t\t<\/div>\n\t\t\t\t<div class=\"elementor-element elementor-element-3a950556 elementor-widget elementor-widget-text-editor\" data-id=\"3a950556\" data-element_type=\"widget\" data-widget_type=\"text-editor.default\">\n\t\t\t\t<div class=\"elementor-widget-container\">\n\t\t\t\t\t\t\t\t\t<p>Kopfnote: Zarte, frische Rosenbl\u00e4tter <br \/>Herznote: Klassische Rose, begleitet von weichen floralen Facetten <br \/>Basisnote: Sanfter Moschus, abgerundet durch einen dezenten Frischeakzent<\/p><p>\u00a0<\/p>\t\t\t\t\t\t\t\t<\/div>\n\t\t\t\t<\/div>\n\t\t\t\t\t<\/div>\n\t\t<\/div>\n\t\t\t\t\t<\/div>\n\t\t<\/section>\n\t\t\t\t<\/div>","protected":false},"excerpt":{"rendered":"<p>Rosa Cl\u00e1sica Rosa Cl\u00e1sica es una invitaci\u00f3n a la delicadeza. Su fragancia fusiona la suavidad de los p\u00e9talos de rosa [&hellip;]<\/p>","protected":false},"author":2,"featured_media":0,"parent":0,"menu_order":0,"comment_status":"closed","ping_status":"closed","template":"elementor_canvas","meta":{"site-sidebar-layout":"no-sidebar","site-content-layout":"","ast-site-content-layout":"full-width-container","site-content-style":"default","site-sidebar-style":"default","ast-global-header-display":"","ast-banner-title-visibility":"disabled","ast-main-header-display":"disabled","ast-hfb-above-header-display":"","ast-hfb-below-header-display":"","ast-hfb-mobile-header-display":"","site-post-title":"","ast-breadcrumbs-content":"","ast-featured-img":"disabled","footer-sml-layout":"","theme-transparent-header-meta":"default","adv-header-id-meta":"","stick-header-meta":"","header-above-stick-meta":"","header-main-stick-meta":"","header-below-stick-meta":"","astra-migrate-meta-layouts":"set","ast-page-background-enabled":"default","ast-page-background-meta":{"desktop":{"background-color":"var(--ast-global-color-5)","background-image":"","background-repeat":"repeat","background-position":"center center","background-size":"auto","background-attachment":"scroll","background-type":"","background-media":"","overlay-type":"","overlay-color":"","overlay-opacity":"","overlay-gradient":""},"tablet":{"background-color":"","background-image":"","background-repeat":"repeat","background-position":"center center","background-size":"auto","background-attachment":"scroll","background-type":"","background-media":"","overlay-type":"","overlay-color":"","overlay-opacity":"","overlay-gradient":""},"mobile":{"background-color":"","background-image":"","background-repeat":"repeat","background-position":"center center","background-size":"auto","background-attachment":"scroll","background-type":"","background-media":"","overlay-type":"","overlay-color":"","overlay-opacity":"","overlay-gradient":""}},"ast-content-background-meta":{"desktop":{"background-color":"var(--ast-global-color-4)","background-image":"","background-repeat":"repeat","background-position":"center center","background-size":"auto","background-attachment":"scroll","background-type":"","background-media":"","overlay-type":"","overlay-color":"","overlay-opacity":"","overlay-gradient":""},"tablet":{"background-color":"var(--ast-global-color-4)","background-image":"","background-repeat":"repeat","background-position":"center center","background-size":"auto","background-attachment":"scroll","background-type":"","background-media":"","overlay-type":"","overlay-color":"","overlay-opacity":"","overlay-gradient":""},"mobile":{"background-color":"var(--ast-global-color-4)","background-image":"","background-repeat":"repeat","background-position":"center center","background-size":"auto","background-attachment":"scroll","background-type":"","background-media":"","overlay-type":"","overlay-color":"","overlay-opacity":"","overlay-gradient":""}},"footnotes":""},"class_list":["post-2702","page","type-page","status-publish","hentry"],"yoast_head":"<!-- This site is optimized with the Yoast SEO plugin v26.4 - https:\/\/yoast.com\/wordpress\/plugins\/seo\/ -->\n<title>Rosa clasica - colecci\u00f3n elegancia -<\/title>\n<meta name=\"robots\" content=\"index, follow, max-snippet:-1, max-image-preview:large, max-video-preview:-1\" \/>\n<link rel=\"canonical\" href=\"https:\/\/petitsentidos.de\/de\/rosa-clasica-coleccion-elegancia\/\" \/>\n<meta property=\"og:locale\" content=\"de_DE\" \/>\n<meta property=\"og:type\" content=\"article\" \/>\n<meta property=\"og:title\" content=\"Rosa clasica - colecci\u00f3n elegancia -\" \/>\n<meta property=\"og:description\" content=\"Rosa Cl\u00e1sica Rosa Cl\u00e1sica es una invitaci\u00f3n a la delicadeza. Su fragancia fusiona la suavidad de los p\u00e9talos de rosa [&hellip;]\" \/>\n<meta property=\"og:url\" content=\"https:\/\/petitsentidos.de\/de\/rosa-clasica-coleccion-elegancia\/\" \/>\n<meta property=\"article:modified_time\" content=\"2025-11-27T16:38:45+00:00\" \/>\n<meta property=\"og:image\" content=\"https:\/\/petitsentidos.de\/wp-content\/uploads\/2025\/11\/F7D87BB9-B7AE-4EA1-B6A7-A63CC98C9EFB.png\" \/>\n\t<meta property=\"og:image:width\" content=\"1024\" \/>\n\t<meta property=\"og:image:height\" content=\"1024\" \/>\n\t<meta property=\"og:image:type\" content=\"image\/png\" \/>\n<meta name=\"twitter:card\" content=\"summary_large_image\" \/>\n<meta name=\"twitter:label1\" content=\"Gesch\u00e4tzte Lesezeit\" \/>\n\t<meta name=\"twitter:data1\" content=\"1\u00a0Minute\" \/>\n<script type=\"application\/ld+json\" class=\"yoast-schema-graph\">{\"@context\":\"https:\/\/schema.org\",\"@graph\":[{\"@type\":\"WebPage\",\"@id\":\"https:\/\/petitsentidos.de\/rosa-clasica-coleccion-elegancia\/\",\"url\":\"https:\/\/petitsentidos.de\/rosa-clasica-coleccion-elegancia\/\",\"name\":\"Rosa clasica - colecci\u00f3n elegancia -\",\"isPartOf\":{\"@id\":\"https:\/\/petitsentidos.de\/#website\"},\"primaryImageOfPage\":{\"@id\":\"https:\/\/petitsentidos.de\/rosa-clasica-coleccion-elegancia\/#primaryimage\"},\"image\":{\"@id\":\"https:\/\/petitsentidos.de\/rosa-clasica-coleccion-elegancia\/#primaryimage\"},\"thumbnailUrl\":\"https:\/\/petitsentidos.de\/wp-content\/uploads\/2025\/11\/F7D87BB9-B7AE-4EA1-B6A7-A63CC98C9EFB.png\",\"datePublished\":\"2025-11-21T18:23:13+00:00\",\"dateModified\":\"2025-11-27T16:38:45+00:00\",\"breadcrumb\":{\"@id\":\"https:\/\/petitsentidos.de\/rosa-clasica-coleccion-elegancia\/#breadcrumb\"},\"inLanguage\":\"de\",\"potentialAction\":[{\"@type\":\"ReadAction\",\"target\":[\"https:\/\/petitsentidos.de\/rosa-clasica-coleccion-elegancia\/\"]}]},{\"@type\":\"ImageObject\",\"inLanguage\":\"de\",\"@id\":\"https:\/\/petitsentidos.de\/rosa-clasica-coleccion-elegancia\/#primaryimage\",\"url\":\"https:\/\/petitsentidos.de\/wp-content\/uploads\/2025\/11\/F7D87BB9-B7AE-4EA1-B6A7-A63CC98C9EFB.png\",\"contentUrl\":\"https:\/\/petitsentidos.de\/wp-content\/uploads\/2025\/11\/F7D87BB9-B7AE-4EA1-B6A7-A63CC98C9EFB.png\"},{\"@type\":\"BreadcrumbList\",\"@id\":\"https:\/\/petitsentidos.de\/rosa-clasica-coleccion-elegancia\/#breadcrumb\",\"itemListElement\":[{\"@type\":\"ListItem\",\"position\":1,\"name\":\"Startseite\",\"item\":\"https:\/\/petitsentidos.de\/\"},{\"@type\":\"ListItem\",\"position\":2,\"name\":\"Rosa clasica &#8211; colecci\u00f3n elegancia\"}]},{\"@type\":\"WebSite\",\"@id\":\"https:\/\/petitsentidos.de\/#website\",\"url\":\"https:\/\/petitsentidos.de\/\",\"name\":\"\",\"description\":\"Handgefertigte Kerzen, Duftkerzen und andere Produkte. Dabei verwenden wir besondere und nat\u00fcrliche Materialien.\",\"potentialAction\":[{\"@type\":\"SearchAction\",\"target\":{\"@type\":\"EntryPoint\",\"urlTemplate\":\"https:\/\/petitsentidos.de\/?s={search_term_string}\"},\"query-input\":{\"@type\":\"PropertyValueSpecification\",\"valueRequired\":true,\"valueName\":\"search_term_string\"}}],\"inLanguage\":\"de\"}]}<\/script>\n<!-- \/ Yoast SEO plugin. -->","yoast_head_json":{"title":"Rosa clasica - colecci\u00f3n elegancia -","robots":{"index":"index","follow":"follow","max-snippet":"max-snippet:-1","max-image-preview":"max-image-preview:large","max-video-preview":"max-video-preview:-1"},"canonical":"https:\/\/petitsentidos.de\/de\/rosa-clasica-coleccion-elegancia\/","og_locale":"de_DE","og_type":"article","og_title":"Rosa clasica - colecci\u00f3n elegancia -","og_description":"Rosa Cl\u00e1sica Rosa Cl\u00e1sica es una invitaci\u00f3n a la delicadeza. Su fragancia fusiona la suavidad de los p\u00e9talos de rosa [&hellip;]","og_url":"https:\/\/petitsentidos.de\/de\/rosa-clasica-coleccion-elegancia\/","article_modified_time":"2025-11-27T16:38:45+00:00","og_image":[{"width":1024,"height":1024,"url":"https:\/\/petitsentidos.de\/wp-content\/uploads\/2025\/11\/F7D87BB9-B7AE-4EA1-B6A7-A63CC98C9EFB.png","type":"image\/png"}],"twitter_card":"summary_large_image","twitter_misc":{"Gesch\u00e4tzte Lesezeit":"1\u00a0Minute"},"schema":{"@context":"https:\/\/schema.org","@graph":[{"@type":"WebPage","@id":"https:\/\/petitsentidos.de\/rosa-clasica-coleccion-elegancia\/","url":"https:\/\/petitsentidos.de\/rosa-clasica-coleccion-elegancia\/","name":"Rosa clasica - colecci\u00f3n elegancia -","isPartOf":{"@id":"https:\/\/petitsentidos.de\/#website"},"primaryImageOfPage":{"@id":"https:\/\/petitsentidos.de\/rosa-clasica-coleccion-elegancia\/#primaryimage"},"image":{"@id":"https:\/\/petitsentidos.de\/rosa-clasica-coleccion-elegancia\/#primaryimage"},"thumbnailUrl":"https:\/\/petitsentidos.de\/wp-content\/uploads\/2025\/11\/F7D87BB9-B7AE-4EA1-B6A7-A63CC98C9EFB.png","datePublished":"2025-11-21T18:23:13+00:00","dateModified":"2025-11-27T16:38:45+00:00","breadcrumb":{"@id":"https:\/\/petitsentidos.de\/rosa-clasica-coleccion-elegancia\/#breadcrumb"},"inLanguage":"de","potentialAction":[{"@type":"ReadAction","target":["https:\/\/petitsentidos.de\/rosa-clasica-coleccion-elegancia\/"]}]},{"@type":"ImageObject","inLanguage":"de","@id":"https:\/\/petitsentidos.de\/rosa-clasica-coleccion-elegancia\/#primaryimage","url":"https:\/\/petitsentidos.de\/wp-content\/uploads\/2025\/11\/F7D87BB9-B7AE-4EA1-B6A7-A63CC98C9EFB.png","contentUrl":"https:\/\/petitsentidos.de\/wp-content\/uploads\/2025\/11\/F7D87BB9-B7AE-4EA1-B6A7-A63CC98C9EFB.png"},{"@type":"BreadcrumbList","@id":"https:\/\/petitsentidos.de\/rosa-clasica-coleccion-elegancia\/#breadcrumb","itemListElement":[{"@type":"ListItem","position":1,"name":"Startseite","item":"https:\/\/petitsentidos.de\/"},{"@type":"ListItem","position":2,"name":"Rosa clasica &#8211; colecci\u00f3n elegancia"}]},{"@type":"WebSite","@id":"https:\/\/petitsentidos.de\/#website","url":"https:\/\/petitsentidos.de\/","name":"","description":"Handgefertigte Kerzen, Duftkerzen und andere Produkte. Dabei verwenden wir besondere und nat\u00fcrliche Materialien.","potentialAction":[{"@type":"SearchAction","target":{"@type":"EntryPoint","urlTemplate":"https:\/\/petitsentidos.de\/?s={search_term_string}"},"query-input":{"@type":"PropertyValueSpecification","valueRequired":true,"valueName":"search_term_string"}}],"inLanguage":"de"}]}},"_links":{"self":[{"href":"https:\/\/petitsentidos.de\/de\/wp-json\/wp\/v2\/pages\/2702","targetHints":{"allow":["GET"]}}],"collection":[{"href":"https:\/\/petitsentidos.de\/de\/wp-json\/wp\/v2\/pages"}],"about":[{"href":"https:\/\/petitsentidos.de\/de\/wp-json\/wp\/v2\/types\/page"}],"author":[{"embeddable":true,"href":"https:\/\/petitsentidos.de\/de\/wp-json\/wp\/v2\/users\/2"}],"replies":[{"embeddable":true,"href":"https:\/\/petitsentidos.de\/de\/wp-json\/wp\/v2\/comments?post=2702"}],"version-history":[{"count":10,"href":"https:\/\/petitsentidos.de\/de\/wp-json\/wp\/v2\/pages\/2702\/revisions"}],"predecessor-version":[{"id":3375,"href":"https:\/\/petitsentidos.de\/de\/wp-json\/wp\/v2\/pages\/2702\/revisions\/3375"}],"wp:attachment":[{"href":"https:\/\/petitsentidos.de\/de\/wp-json\/wp\/v2\/media?parent=2702"}],"curies":[{"name":"wp","href":"https:\/\/api.w.org\/{rel}","templated":true}]}}